{"id":92,"date":"2020-04-22T17:49:36","date_gmt":"2020-04-22T17:49:36","guid":{"rendered":"http:\/\/infct.de\/ichain\/?page_id=92"},"modified":"2020-04-26T13:44:33","modified_gmt":"2020-04-26T12:44:33","slug":"motivation","status":"publish","type":"page","link":"https:\/\/infct.de\/ichain\/motivation\/","title":{"rendered":"Motivation"},"content":{"rendered":"\n<p>Durch den Auftritt und die Verbreitung des Coronavirus SARS-CoV-2 auch in Deutschland stehendie Gesundheits\u00e4mter der kommunalen Verwaltungen vor der gro\u00dfen Aufgabe die Ausbreitung von SARS-CoV-2 auf regionaler Ebene einzud\u00e4mmen. <\/p>\n\n\n\n<p>Die daf\u00fcr notwendigen Arbeitsprozesse sollten zwingend durch leistungsf\u00e4hige, technische Hilfsmittel unterst\u00fctzt werden, um m\u00f6glichst effizient die Infektionskette zu durchbrechen. <\/p>\n\n\n\n<p>Auf Grund der Dringlichkeit lag das Hauptaugenmerk der Entwicklung auf der schnellstm\u00f6glichen Bereitstellung eines Arbeitsmittels f\u00fcr die Gesundheits\u00e4mter. <\/p>\n\n\n\n<p>Die Software konzentriert sich also auf die wesentlichen Belange des Krisenmanagements f\u00fcr COVID-19. Weiterhin wurde hoher Wert auf die Flexibilit\u00e4t und Skalierbarkeit der Software gelegt. Die 3. S\u00e4ule bildet die Datensicherheit f\u00fcr sensible pers\u00f6nliche Daten.&nbsp;<\/p>\n\n\n\n<p>Das schnelle und gezielte Erfassen von Informationen zu Infizierten und deren Kontaktpersonen ist also die Grundlage, um \u00fcberhaupt unn\u00f6tigen Mehraufwand f\u00fcr die medizinischen Einrichtungen fern zu halten. Je effizienter ein Gesundheitsamt seine Arbeitsprozesse gestaltet hat, desto weniger Menschen werden durch eine einzelne, infizierte Person angesteckt.<\/p>\n\n\n\n<p>Weiterhin ist es unabdingbar, dass die Gesundheits\u00e4mter einen vollst\u00e4ndigen \u00dcberblick \u00fcber deren Fallzahlen und den dazugeh\u00f6rigen Vorg\u00e4ngen erhalten. Dazu geh\u00f6ren u.a. die Quarant\u00e4nezeiten und die Symptome von betroffenen Personen. Durch ein exakt daf\u00fcr ausgerichtetes Datenmodell werden Sie in die Lage versetzt, einen vollst\u00e4ndigen \u00dcberblick \u00fcber die Anzahl und r\u00e4umliche Verteilung der betroffenen Personen in Ihrem Zust\u00e4ndigkeitsbereich zu erhalten.<\/p>\n\n\n\n<p>Die Datengrundlage bietet des Weiteren die M\u00f6glichkeit den Trend statistisch zu begreifen und f\u00fcr die politischen Entscheidungstr\u00e4ger informative Kennzahlen abzuleiten.<\/p>\n\n\n\n<p><\/p>\n","protected":false},"excerpt":{"rendered":"<p>Durch den Auftritt und die Verbreitung des Coronavirus SARS-CoV-2 auch in Deutschland stehendie Gesundheits\u00e4mter der kommunalen Verwaltungen vor der gro\u00dfen Aufgabe die Ausbreitung von SARS-CoV-2 auf regionaler Ebene einzud\u00e4mmen. Die daf\u00fcr notwendigen Arbeitsprozesse sollten zwingend durch leistungsf\u00e4hige, technische Hilfsmittel unterst\u00fctzt<\/p>\n","protected":false},"author":1,"featured_media":58,"parent":0,"menu_order":0,"comment_status":"closed","ping_status":"closed","template":"","meta":{"footnotes":""},"class_list":["post-92","page","type-page","status-publish","has-post-thumbnail","hentry"],"yoast_head":"<!-- This site is optimized with the Yoast SEO plugin v24.2 - https:\/\/yoast.com\/wordpress\/plugins\/seo\/ -->\r\n<title>Motivation - I-Chain-Tracker<\/title>\r\n<meta name=\"robots\" content=\"index, follow, max-snippet:-1, max-image-preview:large, max-video-preview:-1\" \/>\r\n<link rel=\"canonical\" href=\"https:\/\/infct.de\/ichain\/motivation\/\" \/>\r\n<meta property=\"og:locale\" content=\"de_DE\" \/>\r\n<meta property=\"og:type\" content=\"article\" \/>\r\n<meta property=\"og:title\" content=\"Motivation - I-Chain-Tracker\" \/>\r\n<meta property=\"og:description\" content=\"Durch den Auftritt und die Verbreitung des Coronavirus SARS-CoV-2 auch in Deutschland stehendie Gesundheits\u00e4mter der kommunalen Verwaltungen vor der gro\u00dfen Aufgabe die Ausbreitung von SARS-CoV-2 auf regionaler Ebene einzud\u00e4mmen. Die daf\u00fcr notwendigen Arbeitsprozesse sollten zwingend durch leistungsf\u00e4hige, technische Hilfsmittel unterst\u00fctzt\" \/>\r\n<meta property=\"og:url\" content=\"https:\/\/infct.de\/ichain\/motivation\/\" \/>\r\n<meta property=\"og:site_name\" content=\"I-Chain-Tracker\" \/>\r\n<meta property=\"article:modified_time\" content=\"2020-04-26T12:44:33+00:00\" \/>\r\n<meta property=\"og:image\" content=\"https:\/\/infct.de\/ichain\/wp-content\/uploads\/2020\/04\/Corona_Sisyphusi_333x222.jpg\" \/>\r\n\t<meta property=\"og:image:width\" content=\"300\" \/>\r\n\t<meta property=\"og:image:height\" content=\"222\" \/>\r\n\t<meta property=\"og:image:type\" content=\"image\/jpeg\" \/>\r\n<meta name=\"twitter:card\" content=\"summary_large_image\" \/>\r\n<meta name=\"twitter:label1\" content=\"Gesch\u00e4tzte Lesezeit\" \/>\n\t<meta name=\"twitter:data1\" content=\"1\u00a0Minute\" \/>\r\n<script type=\"application\/ld+json\" class=\"yoast-schema-graph\">{\"@context\":\"https:\/\/schema.org\",\"@graph\":[{\"@type\":\"WebPage\",\"@id\":\"https:\/\/infct.de\/ichain\/motivation\/\",\"url\":\"https:\/\/infct.de\/ichain\/motivation\/\",\"name\":\"Motivation - I-Chain-Tracker\",\"isPartOf\":{\"@id\":\"https:\/\/infct.de\/ichain\/#website\"},\"primaryImageOfPage\":{\"@id\":\"https:\/\/infct.de\/ichain\/motivation\/#primaryimage\"},\"image\":{\"@id\":\"https:\/\/infct.de\/ichain\/motivation\/#primaryimage\"},\"thumbnailUrl\":\"https:\/\/infct.de\/ichain\/wp-content\/uploads\/2020\/04\/Corona_Sisyphusi_333x222.jpg\",\"datePublished\":\"2020-04-22T17:49:36+00:00\",\"dateModified\":\"2020-04-26T12:44:33+00:00\",\"breadcrumb\":{\"@id\":\"https:\/\/infct.de\/ichain\/motivation\/#breadcrumb\"},\"inLanguage\":\"de\",\"potentialAction\":[{\"@type\":\"ReadAction\",\"target\":[\"https:\/\/infct.de\/ichain\/motivation\/\"]}]},{\"@type\":\"ImageObject\",\"inLanguage\":\"de\",\"@id\":\"https:\/\/infct.de\/ichain\/motivation\/#primaryimage\",\"url\":\"https:\/\/infct.de\/ichain\/wp-content\/uploads\/2020\/04\/Corona_Sisyphusi_333x222.jpg\",\"contentUrl\":\"https:\/\/infct.de\/ichain\/wp-content\/uploads\/2020\/04\/Corona_Sisyphusi_333x222.jpg\",\"width\":300,\"height\":222},{\"@type\":\"BreadcrumbList\",\"@id\":\"https:\/\/infct.de\/ichain\/motivation\/#breadcrumb\",\"itemListElement\":[{\"@type\":\"ListItem\",\"position\":1,\"name\":\"Home\",\"item\":\"https:\/\/infct.de\/ichain\/\"},{\"@type\":\"ListItem\",\"position\":2,\"name\":\"Motivation\"}]},{\"@type\":\"WebSite\",\"@id\":\"https:\/\/infct.de\/ichain\/#website\",\"url\":\"https:\/\/infct.de\/ichain\/\",\"name\":\"I-Chain-Tracker\",\"description\":\"Infektionskettenverfolgung Quarant\u00e4nemanagement\",\"publisher\":{\"@id\":\"https:\/\/infct.de\/ichain\/#organization\"},\"potentialAction\":[{\"@type\":\"SearchAction\",\"target\":{\"@type\":\"EntryPoint\",\"urlTemplate\":\"https:\/\/infct.de\/ichain\/?s={search_term_string}\"},\"query-input\":{\"@type\":\"PropertyValueSpecification\",\"valueRequired\":true,\"valueName\":\"search_term_string\"}}],\"inLanguage\":\"de\"},{\"@type\":\"Organization\",\"@id\":\"https:\/\/infct.de\/ichain\/#organization\",\"name\":\"GDD-IT\",\"url\":\"https:\/\/infct.de\/ichain\/\",\"logo\":{\"@type\":\"ImageObject\",\"inLanguage\":\"de\",\"@id\":\"https:\/\/infct.de\/ichain\/#\/schema\/logo\/image\/\",\"url\":\"https:\/\/infct.de\/ichain\/wp-content\/uploads\/2020\/04\/i-chain-logo-quadrat-100x100-1.png\",\"contentUrl\":\"https:\/\/infct.de\/ichain\/wp-content\/uploads\/2020\/04\/i-chain-logo-quadrat-100x100-1.png\",\"width\":100,\"height\":100,\"caption\":\"GDD-IT\"},\"image\":{\"@id\":\"https:\/\/infct.de\/ichain\/#\/schema\/logo\/image\/\"}}]}<\/script>\r\n<!-- \/ Yoast SEO plugin. -->","yoast_head_json":{"title":"Motivation - I-Chain-Tracker","robots":{"index":"index","follow":"follow","max-snippet":"max-snippet:-1","max-image-preview":"max-image-preview:large","max-video-preview":"max-video-preview:-1"},"canonical":"https:\/\/infct.de\/ichain\/motivation\/","og_locale":"de_DE","og_type":"article","og_title":"Motivation - I-Chain-Tracker","og_description":"Durch den Auftritt und die Verbreitung des Coronavirus SARS-CoV-2 auch in Deutschland stehendie Gesundheits\u00e4mter der kommunalen Verwaltungen vor der gro\u00dfen Aufgabe die Ausbreitung von SARS-CoV-2 auf regionaler Ebene einzud\u00e4mmen. Die daf\u00fcr notwendigen Arbeitsprozesse sollten zwingend durch leistungsf\u00e4hige, technische Hilfsmittel unterst\u00fctzt","og_url":"https:\/\/infct.de\/ichain\/motivation\/","og_site_name":"I-Chain-Tracker","article_modified_time":"2020-04-26T12:44:33+00:00","og_image":[{"width":300,"height":222,"url":"https:\/\/infct.de\/ichain\/wp-content\/uploads\/2020\/04\/Corona_Sisyphusi_333x222.jpg","type":"image\/jpeg"}],"twitter_card":"summary_large_image","twitter_misc":{"Gesch\u00e4tzte Lesezeit":"1\u00a0Minute"},"schema":{"@context":"https:\/\/schema.org","@graph":[{"@type":"WebPage","@id":"https:\/\/infct.de\/ichain\/motivation\/","url":"https:\/\/infct.de\/ichain\/motivation\/","name":"Motivation - I-Chain-Tracker","isPartOf":{"@id":"https:\/\/infct.de\/ichain\/#website"},"primaryImageOfPage":{"@id":"https:\/\/infct.de\/ichain\/motivation\/#primaryimage"},"image":{"@id":"https:\/\/infct.de\/ichain\/motivation\/#primaryimage"},"thumbnailUrl":"https:\/\/infct.de\/ichain\/wp-content\/uploads\/2020\/04\/Corona_Sisyphusi_333x222.jpg","datePublished":"2020-04-22T17:49:36+00:00","dateModified":"2020-04-26T12:44:33+00:00","breadcrumb":{"@id":"https:\/\/infct.de\/ichain\/motivation\/#breadcrumb"},"inLanguage":"de","potentialAction":[{"@type":"ReadAction","target":["https:\/\/infct.de\/ichain\/motivation\/"]}]},{"@type":"ImageObject","inLanguage":"de","@id":"https:\/\/infct.de\/ichain\/motivation\/#primaryimage","url":"https:\/\/infct.de\/ichain\/wp-content\/uploads\/2020\/04\/Corona_Sisyphusi_333x222.jpg","contentUrl":"https:\/\/infct.de\/ichain\/wp-content\/uploads\/2020\/04\/Corona_Sisyphusi_333x222.jpg","width":300,"height":222},{"@type":"BreadcrumbList","@id":"https:\/\/infct.de\/ichain\/motivation\/#breadcrumb","itemListElement":[{"@type":"ListItem","position":1,"name":"Home","item":"https:\/\/infct.de\/ichain\/"},{"@type":"ListItem","position":2,"name":"Motivation"}]},{"@type":"WebSite","@id":"https:\/\/infct.de\/ichain\/#website","url":"https:\/\/infct.de\/ichain\/","name":"I-Chain-Tracker","description":"Infektionskettenverfolgung Quarant\u00e4nemanagement","publisher":{"@id":"https:\/\/infct.de\/ichain\/#organization"},"potentialAction":[{"@type":"SearchAction","target":{"@type":"EntryPoint","urlTemplate":"https:\/\/infct.de\/ichain\/?s={search_term_string}"},"query-input":{"@type":"PropertyValueSpecification","valueRequired":true,"valueName":"search_term_string"}}],"inLanguage":"de"},{"@type":"Organization","@id":"https:\/\/infct.de\/ichain\/#organization","name":"GDD-IT","url":"https:\/\/infct.de\/ichain\/","logo":{"@type":"ImageObject","inLanguage":"de","@id":"https:\/\/infct.de\/ichain\/#\/schema\/logo\/image\/","url":"https:\/\/infct.de\/ichain\/wp-content\/uploads\/2020\/04\/i-chain-logo-quadrat-100x100-1.png","contentUrl":"https:\/\/infct.de\/ichain\/wp-content\/uploads\/2020\/04\/i-chain-logo-quadrat-100x100-1.png","width":100,"height":100,"caption":"GDD-IT"},"image":{"@id":"https:\/\/infct.de\/ichain\/#\/schema\/logo\/image\/"}}]}},"_links":{"self":[{"href":"https:\/\/infct.de\/ichain\/wp-json\/wp\/v2\/pages\/92","targetHints":{"allow":["GET"]}}],"collection":[{"href":"https:\/\/infct.de\/ichain\/wp-json\/wp\/v2\/pages"}],"about":[{"href":"https:\/\/infct.de\/ichain\/wp-json\/wp\/v2\/types\/page"}],"author":[{"embeddable":true,"href":"https:\/\/infct.de\/ichain\/wp-json\/wp\/v2\/users\/1"}],"replies":[{"embeddable":true,"href":"https:\/\/infct.de\/ichain\/wp-json\/wp\/v2\/comments?post=92"}],"version-history":[{"count":4,"href":"https:\/\/infct.de\/ichain\/wp-json\/wp\/v2\/pages\/92\/revisions"}],"predecessor-version":[{"id":173,"href":"https:\/\/infct.de\/ichain\/wp-json\/wp\/v2\/pages\/92\/revisions\/173"}],"wp:featuredmedia":[{"embeddable":true,"href":"https:\/\/infct.de\/ichain\/wp-json\/wp\/v2\/media\/58"}],"wp:attachment":[{"href":"https:\/\/infct.de\/ichain\/wp-json\/wp\/v2\/media?parent=92"}],"curies":[{"name":"wp","href":"https:\/\/api.w.org\/{rel}","templated":true}]}}