{"id":83,"date":"2020-04-22T13:26:42","date_gmt":"2020-04-22T13:26:42","guid":{"rendered":"http:\/\/infct.de\/ichain\/?page_id=83"},"modified":"2020-04-25T13:32:50","modified_gmt":"2020-04-25T12:32:50","slug":"impressum","status":"publish","type":"page","link":"https:\/\/infct.de\/ichain\/impressum\/","title":{"rendered":"Impressum"},"content":{"rendered":"\n<ul class=\"wp-block-list\"><li>GDD-IT GmbH<\/li><li>Am Sportplatz 10<\/li><li>D-04668 Grimma<br><\/li><li>Registergericht: Amtsgericht Leipzig<\/li><li>Registernummer: HRB 22126<\/li><li>UST-ID-Nr.: DE246100087<br><\/li><li><strong>Gesch\u00e4ftsf\u00fchrer: Dipl.-Ing. Michael Gessel<\/strong><\/li><li>Tel.: +49 (0)3437 910022<\/li><li>E-Mail: <a rel=\"noreferrer noopener\" href=\"mailto:post@infct.de\" target=\"_blank\">post@infct.de<\/a><br><\/li><li>Auf diesen Internetseiten vorkommende, bestehende oder zuk\u00fcnftige Markennamen sind das Eigentum der jeweiligen Markeninhaber.<\/li><li>GDD-IT GmbH \u00fcbernimmt keinerlei Garantie f\u00fcr die Richtigkeit der Inhalte.<\/li><li>Im Falle von Streitigkeiten bzw. Abmahnungen gegen geltendes Wettbewerbsrecht bzw. Fernabsatzgesetz bitten wir Sie, zur Vermeidung unn\u00f6tiger Rechtsstreite und Kosten, uns bereits im Vorfeld zu kontaktieren.<\/li><li>Die Kostennote einer anwaltlichen Abmahnung ohne vorhergehende Kontaktaufnahme wird im Sinne der Schadensminderungspflicht als unbegr\u00fcndet zur\u00fcckgewiesen. Bei unberechtigten Abmahnung bzw. Unterlassungserkl\u00e4rung wird eine negative Feststellungsklage eingereicht.<\/li><li>Copyright \u00a9 GDD-IT GmbH 2017. Alle Rechte vorbehalten.<\/li><\/ul>\n","protected":false},"excerpt":{"rendered":"<p>GDD-IT GmbH Am Sportplatz 10 D-04668 Grimma Registergericht: Amtsgericht Leipzig Registernummer: HRB 22126 UST-ID-Nr.: DE246100087 Gesch\u00e4ftsf\u00fchrer: Dipl.-Ing. Michael Gessel Tel.: +49 (0)3437 910022 E-Mail: post@infct.de Auf diesen Internetseiten vorkommende, bestehende oder zuk\u00fcnftige Markennamen sind das Eigentum der jeweiligen Markeninhaber. GDD-IT<\/p>\n","protected":false},"author":1,"featured_media":0,"parent":0,"menu_order":0,"comment_status":"closed","ping_status":"closed","template":"","meta":{"footnotes":""},"class_list":["post-83","page","type-page","status-publish","hentry"],"yoast_head":"<!-- This site is optimized with the Yoast SEO plugin v24.2 - https:\/\/yoast.com\/wordpress\/plugins\/seo\/ -->\r\n<title>Impressum - I-Chain-Tracker<\/title>\r\n<meta name=\"robots\" content=\"index, follow, max-snippet:-1, max-image-preview:large, max-video-preview:-1\" \/>\r\n<link rel=\"canonical\" href=\"https:\/\/infct.de\/ichain\/impressum\/\" \/>\r\n<meta property=\"og:locale\" content=\"de_DE\" \/>\r\n<meta property=\"og:type\" content=\"article\" \/>\r\n<meta property=\"og:title\" content=\"Impressum - I-Chain-Tracker\" \/>\r\n<meta property=\"og:description\" content=\"GDD-IT GmbH Am Sportplatz 10 D-04668 Grimma Registergericht: Amtsgericht Leipzig Registernummer: HRB 22126 UST-ID-Nr.: DE246100087 Gesch\u00e4ftsf\u00fchrer: Dipl.-Ing. Michael Gessel Tel.: +49 (0)3437 910022 E-Mail: post@infct.de Auf diesen Internetseiten vorkommende, bestehende oder zuk\u00fcnftige Markennamen sind das Eigentum der jeweiligen Markeninhaber. GDD-IT\" \/>\r\n<meta property=\"og:url\" content=\"https:\/\/infct.de\/ichain\/impressum\/\" \/>\r\n<meta property=\"og:site_name\" content=\"I-Chain-Tracker\" \/>\r\n<meta property=\"article:modified_time\" content=\"2020-04-25T12:32:50+00:00\" \/>\r\n<meta name=\"twitter:card\" content=\"summary_large_image\" \/>\r\n<meta name=\"twitter:label1\" content=\"Gesch\u00e4tzte Lesezeit\" \/>\n\t<meta name=\"twitter:data1\" content=\"1\u00a0Minute\" \/>\r\n<script type=\"application\/ld+json\" class=\"yoast-schema-graph\">{\"@context\":\"https:\/\/schema.org\",\"@graph\":[{\"@type\":\"WebPage\",\"@id\":\"https:\/\/infct.de\/ichain\/impressum\/\",\"url\":\"https:\/\/infct.de\/ichain\/impressum\/\",\"name\":\"Impressum - I-Chain-Tracker\",\"isPartOf\":{\"@id\":\"https:\/\/infct.de\/ichain\/#website\"},\"datePublished\":\"2020-04-22T13:26:42+00:00\",\"dateModified\":\"2020-04-25T12:32:50+00:00\",\"breadcrumb\":{\"@id\":\"https:\/\/infct.de\/ichain\/impressum\/#breadcrumb\"},\"inLanguage\":\"de\",\"potentialAction\":[{\"@type\":\"ReadAction\",\"target\":[\"https:\/\/infct.de\/ichain\/impressum\/\"]}]},{\"@type\":\"BreadcrumbList\",\"@id\":\"https:\/\/infct.de\/ichain\/impressum\/#breadcrumb\",\"itemListElement\":[{\"@type\":\"ListItem\",\"position\":1,\"name\":\"Home\",\"item\":\"https:\/\/infct.de\/ichain\/\"},{\"@type\":\"ListItem\",\"position\":2,\"name\":\"Impressum\"}]},{\"@type\":\"WebSite\",\"@id\":\"https:\/\/infct.de\/ichain\/#website\",\"url\":\"https:\/\/infct.de\/ichain\/\",\"name\":\"I-Chain-Tracker\",\"description\":\"Infektionskettenverfolgung Quarant\u00e4nemanagement\",\"publisher\":{\"@id\":\"https:\/\/infct.de\/ichain\/#organization\"},\"potentialAction\":[{\"@type\":\"SearchAction\",\"target\":{\"@type\":\"EntryPoint\",\"urlTemplate\":\"https:\/\/infct.de\/ichain\/?s={search_term_string}\"},\"query-input\":{\"@type\":\"PropertyValueSpecification\",\"valueRequired\":true,\"valueName\":\"search_term_string\"}}],\"inLanguage\":\"de\"},{\"@type\":\"Organization\",\"@id\":\"https:\/\/infct.de\/ichain\/#organization\",\"name\":\"GDD-IT\",\"url\":\"https:\/\/infct.de\/ichain\/\",\"logo\":{\"@type\":\"ImageObject\",\"inLanguage\":\"de\",\"@id\":\"https:\/\/infct.de\/ichain\/#\/schema\/logo\/image\/\",\"url\":\"https:\/\/infct.de\/ichain\/wp-content\/uploads\/2020\/04\/i-chain-logo-quadrat-100x100-1.png\",\"contentUrl\":\"https:\/\/infct.de\/ichain\/wp-content\/uploads\/2020\/04\/i-chain-logo-quadrat-100x100-1.png\",\"width\":100,\"height\":100,\"caption\":\"GDD-IT\"},\"image\":{\"@id\":\"https:\/\/infct.de\/ichain\/#\/schema\/logo\/image\/\"}}]}<\/script>\r\n<!-- \/ Yoast SEO plugin. -->","yoast_head_json":{"title":"Impressum - I-Chain-Tracker","robots":{"index":"index","follow":"follow","max-snippet":"max-snippet:-1","max-image-preview":"max-image-preview:large","max-video-preview":"max-video-preview:-1"},"canonical":"https:\/\/infct.de\/ichain\/impressum\/","og_locale":"de_DE","og_type":"article","og_title":"Impressum - I-Chain-Tracker","og_description":"GDD-IT GmbH Am Sportplatz 10 D-04668 Grimma Registergericht: Amtsgericht Leipzig Registernummer: HRB 22126 UST-ID-Nr.: DE246100087 Gesch\u00e4ftsf\u00fchrer: Dipl.-Ing. Michael Gessel Tel.: +49 (0)3437 910022 E-Mail: post@infct.de Auf diesen Internetseiten vorkommende, bestehende oder zuk\u00fcnftige Markennamen sind das Eigentum der jeweiligen Markeninhaber. GDD-IT","og_url":"https:\/\/infct.de\/ichain\/impressum\/","og_site_name":"I-Chain-Tracker","article_modified_time":"2020-04-25T12:32:50+00:00","twitter_card":"summary_large_image","twitter_misc":{"Gesch\u00e4tzte Lesezeit":"1\u00a0Minute"},"schema":{"@context":"https:\/\/schema.org","@graph":[{"@type":"WebPage","@id":"https:\/\/infct.de\/ichain\/impressum\/","url":"https:\/\/infct.de\/ichain\/impressum\/","name":"Impressum - I-Chain-Tracker","isPartOf":{"@id":"https:\/\/infct.de\/ichain\/#website"},"datePublished":"2020-04-22T13:26:42+00:00","dateModified":"2020-04-25T12:32:50+00:00","breadcrumb":{"@id":"https:\/\/infct.de\/ichain\/impressum\/#breadcrumb"},"inLanguage":"de","potentialAction":[{"@type":"ReadAction","target":["https:\/\/infct.de\/ichain\/impressum\/"]}]},{"@type":"BreadcrumbList","@id":"https:\/\/infct.de\/ichain\/impressum\/#breadcrumb","itemListElement":[{"@type":"ListItem","position":1,"name":"Home","item":"https:\/\/infct.de\/ichain\/"},{"@type":"ListItem","position":2,"name":"Impressum"}]},{"@type":"WebSite","@id":"https:\/\/infct.de\/ichain\/#website","url":"https:\/\/infct.de\/ichain\/","name":"I-Chain-Tracker","description":"Infektionskettenverfolgung Quarant\u00e4nemanagement","publisher":{"@id":"https:\/\/infct.de\/ichain\/#organization"},"potentialAction":[{"@type":"SearchAction","target":{"@type":"EntryPoint","urlTemplate":"https:\/\/infct.de\/ichain\/?s={search_term_string}"},"query-input":{"@type":"PropertyValueSpecification","valueRequired":true,"valueName":"search_term_string"}}],"inLanguage":"de"},{"@type":"Organization","@id":"https:\/\/infct.de\/ichain\/#organization","name":"GDD-IT","url":"https:\/\/infct.de\/ichain\/","logo":{"@type":"ImageObject","inLanguage":"de","@id":"https:\/\/infct.de\/ichain\/#\/schema\/logo\/image\/","url":"https:\/\/infct.de\/ichain\/wp-content\/uploads\/2020\/04\/i-chain-logo-quadrat-100x100-1.png","contentUrl":"https:\/\/infct.de\/ichain\/wp-content\/uploads\/2020\/04\/i-chain-logo-quadrat-100x100-1.png","width":100,"height":100,"caption":"GDD-IT"},"image":{"@id":"https:\/\/infct.de\/ichain\/#\/schema\/logo\/image\/"}}]}},"_links":{"self":[{"href":"https:\/\/infct.de\/ichain\/wp-json\/wp\/v2\/pages\/83","targetHints":{"allow":["GET"]}}],"collection":[{"href":"https:\/\/infct.de\/ichain\/wp-json\/wp\/v2\/pages"}],"about":[{"href":"https:\/\/infct.de\/ichain\/wp-json\/wp\/v2\/types\/page"}],"author":[{"embeddable":true,"href":"https:\/\/infct.de\/ichain\/wp-json\/wp\/v2\/users\/1"}],"replies":[{"embeddable":true,"href":"https:\/\/infct.de\/ichain\/wp-json\/wp\/v2\/comments?post=83"}],"version-history":[{"count":5,"href":"https:\/\/infct.de\/ichain\/wp-json\/wp\/v2\/pages\/83\/revisions"}],"predecessor-version":[{"id":163,"href":"https:\/\/infct.de\/ichain\/wp-json\/wp\/v2\/pages\/83\/revisions\/163"}],"wp:attachment":[{"href":"https:\/\/infct.de\/ichain\/wp-json\/wp\/v2\/media?parent=83"}],"curies":[{"name":"wp","href":"https:\/\/api.w.org\/{rel}","templated":true}]}}