{"id":45,"date":"2020-04-21T18:42:18","date_gmt":"2020-04-21T18:42:18","guid":{"rendered":"http:\/\/infct.de\/ichain\/?page_id=45"},"modified":"2020-07-08T09:32:27","modified_gmt":"2020-07-08T08:32:27","slug":"demo-portal","status":"publish","type":"page","link":"https:\/\/infct.de\/ichain\/demo-portal\/","title":{"rendered":"Demo Portal"},"content":{"rendered":"\n<p>F\u00fcr Interessenten haben wir ein Demoportal mit der einsatzbereiten Software eingerichtet. <\/p>\n\n\n\n<p>Nutzen Sie die M\u00f6glichkeit einen direkten Eindruck von der Software und den Funktionalit\u00e4ten zu erhalten.<\/p>\n\n\n\n<p><\/p>\n\n\n\n<p>Sehr geehrte Damen und Herren, wir freuen uns \u00fcber Ihr Interesse an unserer Softwarel\u00f6sung &#8211; Infektionskettenverfolgung und Quarant\u00e4nemanagement f\u00fcr Gesundheits\u00e4mter, der wir den Namen \u201eI-Chain-Tracker\u201c gegeben haben. Um Ihre und unsere Zeitressourcen zu schonen, ist eine Anmeldung \/ Registrierung f\u00fcr die Live-Vorf\u00fchrung erforderlich.<\/p>\n\n\n\n<p>Bitte registrieren Sie sich und eventuelle weitere Teilnehmer in nachfolgendem Formular:<\/p>\n\n\n\n<p><\/p>\n\n\n\n<div role=\"form\" class=\"wpcf7\" id=\"wpcf7-f139-o1\" lang=\"en-US\" dir=\"ltr\">\n<div class=\"screen-reader-response\" role=\"alert\" aria-live=\"polite\"><\/div>\n<form action=\"\/ichain\/wp-json\/wp\/v2\/pages\/45#wpcf7-f139-o1\" method=\"post\" class=\"wpcf7-form init\" novalidate=\"novalidate\">\n<div style=\"display: none;\">\n<input type=\"hidden\" name=\"_wpcf7\" value=\"139\" \/>\n<input type=\"hidden\" name=\"_wpcf7_version\" value=\"5.2\" \/>\n<input type=\"hidden\" name=\"_wpcf7_locale\" value=\"en_US\" \/>\n<input type=\"hidden\" name=\"_wpcf7_unit_tag\" value=\"wpcf7-f139-o1\" \/>\n<input type=\"hidden\" name=\"_wpcf7_container_post\" value=\"0\" \/>\n<input type=\"hidden\" name=\"_wpcf7_posted_data_hash\" value=\"\" \/>\n<\/div>\n<p><label> Name (Pflicht)<br \/>\n    <span class=\"wpcf7-form-control-wrap your-name\"><input type=\"text\" name=\"your-name\" value=\"\" size=\"40\" class=\"wpcf7-form-control wpcf7-text wpcf7-validates-as-required\" aria-required=\"true\" aria-invalid=\"false\" \/><\/span> <\/label><\/p>\n<p><label> E-Mail (Pflicht)<br \/>\n    <span class=\"wpcf7-form-control-wrap your-email\"><input type=\"email\" name=\"your-email\" value=\"\" size=\"40\" class=\"wpcf7-form-control wpcf7-text wpcf7-email wpcf7-validates-as-required wpcf7-validates-as-email\" aria-required=\"true\" aria-invalid=\"false\" \/><\/span> <\/label><\/p>\n<p><label> Telefonnummer<br \/>\n<span class=\"wpcf7-form-control-wrap telefon\"><input type=\"text\" name=\"telefon\" value=\"\" size=\"40\" class=\"wpcf7-form-control wpcf7-text\" aria-invalid=\"false\" \/><\/span> <\/label><\/p>\n<p><label> Betreff<br \/>\n    <span class=\"wpcf7-form-control-wrap your-subject\"><input type=\"text\" name=\"your-subject\" value=\"\" size=\"40\" class=\"wpcf7-form-control wpcf7-text\" aria-invalid=\"false\" \/><\/span> <\/label><\/p>\n<p><label> Ihre Nachricht<br \/>\n    <span class=\"wpcf7-form-control-wrap your-message\"><textarea name=\"your-message\" cols=\"40\" rows=\"10\" class=\"wpcf7-form-control wpcf7-textarea\" aria-invalid=\"false\"><\/textarea><\/span> <\/label><\/p>\n<p><span class=\"wpcf7-form-control-wrap acceptance-774\"><span class=\"wpcf7-form-control wpcf7-acceptance\"><span class=\"wpcf7-list-item\"><label><input type=\"checkbox\" name=\"acceptance-774\" value=\"1\" aria-invalid=\"false\" \/><span class=\"wpcf7-list-item-label\">Ich habe die Datenschutzerkl\u00e4rung gelesen und akzeptiert<\/span><\/label><\/span><\/span><\/span><\/p>\n<p><input type=\"submit\" value=\"Senden\" class=\"wpcf7-form-control wpcf7-submit\" \/><\/p>\n<div class=\"wpcf7-response-output\" role=\"alert\" aria-hidden=\"true\"><\/div><\/form><\/div>\n","protected":false},"excerpt":{"rendered":"<p>F\u00fcr Interessenten haben wir ein Demoportal mit der einsatzbereiten Software eingerichtet. Nutzen Sie die M\u00f6glichkeit einen direkten Eindruck von der Software und den Funktionalit\u00e4ten zu erhalten. Sehr geehrte Damen und Herren, wir freuen uns \u00fcber Ihr Interesse an unserer Softwarel\u00f6sung<\/p>\n","protected":false},"author":1,"featured_media":146,"parent":0,"menu_order":0,"comment_status":"closed","ping_status":"closed","template":"","meta":{"footnotes":""},"class_list":["post-45","page","type-page","status-publish","has-post-thumbnail","hentry"],"yoast_head":"<!-- This site is optimized with the Yoast SEO plugin v24.2 - https:\/\/yoast.com\/wordpress\/plugins\/seo\/ -->\r\n<title>I-Chain-Tracker Demo Portal<\/title>\r\n<meta name=\"robots\" content=\"index, follow, max-snippet:-1, max-image-preview:large, max-video-preview:-1\" \/>\r\n<link rel=\"canonical\" href=\"https:\/\/infct.de\/ichain\/demo-portal\/\" \/>\r\n<meta property=\"og:locale\" content=\"de_DE\" \/>\r\n<meta property=\"og:type\" content=\"article\" \/>\r\n<meta property=\"og:title\" content=\"I-Chain-Tracker Demo Portal\" \/>\r\n<meta property=\"og:description\" content=\"F\u00fcr Interessenten haben wir ein Demoportal mit der einsatzbereiten Software eingerichtet. Nutzen Sie die M\u00f6glichkeit einen direkten Eindruck von der Software und den Funktionalit\u00e4ten zu erhalten. Sehr geehrte Damen und Herren, wir freuen uns \u00fcber Ihr Interesse an unserer Softwarel\u00f6sung\" \/>\r\n<meta property=\"og:url\" content=\"https:\/\/infct.de\/ichain\/demo-portal\/\" \/>\r\n<meta property=\"og:site_name\" content=\"I-Chain-Tracker\" \/>\r\n<meta property=\"article:modified_time\" content=\"2020-07-08T08:32:27+00:00\" \/>\r\n<meta property=\"og:image\" content=\"https:\/\/infct.de\/ichain\/wp-content\/uploads\/2020\/04\/ichain-logo-name-lang-463x100-1.png\" \/>\r\n\t<meta property=\"og:image:width\" content=\"463\" \/>\r\n\t<meta property=\"og:image:height\" content=\"200\" \/>\r\n\t<meta property=\"og:image:type\" content=\"image\/png\" \/>\r\n<meta name=\"twitter:card\" content=\"summary_large_image\" \/>\r\n<script type=\"application\/ld+json\" class=\"yoast-schema-graph\">{\"@context\":\"https:\/\/schema.org\",\"@graph\":[{\"@type\":\"WebPage\",\"@id\":\"https:\/\/infct.de\/ichain\/demo-portal\/\",\"url\":\"https:\/\/infct.de\/ichain\/demo-portal\/\",\"name\":\"I-Chain-Tracker Demo Portal\",\"isPartOf\":{\"@id\":\"https:\/\/infct.de\/ichain\/#website\"},\"primaryImageOfPage\":{\"@id\":\"https:\/\/infct.de\/ichain\/demo-portal\/#primaryimage\"},\"image\":{\"@id\":\"https:\/\/infct.de\/ichain\/demo-portal\/#primaryimage\"},\"thumbnailUrl\":\"https:\/\/infct.de\/ichain\/wp-content\/uploads\/2020\/04\/ichain-logo-name-lang-463x100-1.png\",\"datePublished\":\"2020-04-21T18:42:18+00:00\",\"dateModified\":\"2020-07-08T08:32:27+00:00\",\"breadcrumb\":{\"@id\":\"https:\/\/infct.de\/ichain\/demo-portal\/#breadcrumb\"},\"inLanguage\":\"de\",\"potentialAction\":[{\"@type\":\"ReadAction\",\"target\":[\"https:\/\/infct.de\/ichain\/demo-portal\/\"]}]},{\"@type\":\"ImageObject\",\"inLanguage\":\"de\",\"@id\":\"https:\/\/infct.de\/ichain\/demo-portal\/#primaryimage\",\"url\":\"https:\/\/infct.de\/ichain\/wp-content\/uploads\/2020\/04\/ichain-logo-name-lang-463x100-1.png\",\"contentUrl\":\"https:\/\/infct.de\/ichain\/wp-content\/uploads\/2020\/04\/ichain-logo-name-lang-463x100-1.png\",\"width\":463,\"height\":200},{\"@type\":\"BreadcrumbList\",\"@id\":\"https:\/\/infct.de\/ichain\/demo-portal\/#breadcrumb\",\"itemListElement\":[{\"@type\":\"ListItem\",\"position\":1,\"name\":\"Home\",\"item\":\"https:\/\/infct.de\/ichain\/\"},{\"@type\":\"ListItem\",\"position\":2,\"name\":\"Demo Portal\"}]},{\"@type\":\"WebSite\",\"@id\":\"https:\/\/infct.de\/ichain\/#website\",\"url\":\"https:\/\/infct.de\/ichain\/\",\"name\":\"I-Chain-Tracker\",\"description\":\"Infektionskettenverfolgung Quarant\u00e4nemanagement\",\"publisher\":{\"@id\":\"https:\/\/infct.de\/ichain\/#organization\"},\"potentialAction\":[{\"@type\":\"SearchAction\",\"target\":{\"@type\":\"EntryPoint\",\"urlTemplate\":\"https:\/\/infct.de\/ichain\/?s={search_term_string}\"},\"query-input\":{\"@type\":\"PropertyValueSpecification\",\"valueRequired\":true,\"valueName\":\"search_term_string\"}}],\"inLanguage\":\"de\"},{\"@type\":\"Organization\",\"@id\":\"https:\/\/infct.de\/ichain\/#organization\",\"name\":\"GDD-IT\",\"url\":\"https:\/\/infct.de\/ichain\/\",\"logo\":{\"@type\":\"ImageObject\",\"inLanguage\":\"de\",\"@id\":\"https:\/\/infct.de\/ichain\/#\/schema\/logo\/image\/\",\"url\":\"https:\/\/infct.de\/ichain\/wp-content\/uploads\/2020\/04\/i-chain-logo-quadrat-100x100-1.png\",\"contentUrl\":\"https:\/\/infct.de\/ichain\/wp-content\/uploads\/2020\/04\/i-chain-logo-quadrat-100x100-1.png\",\"width\":100,\"height\":100,\"caption\":\"GDD-IT\"},\"image\":{\"@id\":\"https:\/\/infct.de\/ichain\/#\/schema\/logo\/image\/\"}}]}<\/script>\r\n<!-- \/ Yoast SEO plugin. -->","yoast_head_json":{"title":"I-Chain-Tracker Demo Portal","robots":{"index":"index","follow":"follow","max-snippet":"max-snippet:-1","max-image-preview":"max-image-preview:large","max-video-preview":"max-video-preview:-1"},"canonical":"https:\/\/infct.de\/ichain\/demo-portal\/","og_locale":"de_DE","og_type":"article","og_title":"I-Chain-Tracker Demo Portal","og_description":"F\u00fcr Interessenten haben wir ein Demoportal mit der einsatzbereiten Software eingerichtet. Nutzen Sie die M\u00f6glichkeit einen direkten Eindruck von der Software und den Funktionalit\u00e4ten zu erhalten. Sehr geehrte Damen und Herren, wir freuen uns \u00fcber Ihr Interesse an unserer Softwarel\u00f6sung","og_url":"https:\/\/infct.de\/ichain\/demo-portal\/","og_site_name":"I-Chain-Tracker","article_modified_time":"2020-07-08T08:32:27+00:00","og_image":[{"width":463,"height":200,"url":"https:\/\/infct.de\/ichain\/wp-content\/uploads\/2020\/04\/ichain-logo-name-lang-463x100-1.png","type":"image\/png"}],"twitter_card":"summary_large_image","schema":{"@context":"https:\/\/schema.org","@graph":[{"@type":"WebPage","@id":"https:\/\/infct.de\/ichain\/demo-portal\/","url":"https:\/\/infct.de\/ichain\/demo-portal\/","name":"I-Chain-Tracker Demo Portal","isPartOf":{"@id":"https:\/\/infct.de\/ichain\/#website"},"primaryImageOfPage":{"@id":"https:\/\/infct.de\/ichain\/demo-portal\/#primaryimage"},"image":{"@id":"https:\/\/infct.de\/ichain\/demo-portal\/#primaryimage"},"thumbnailUrl":"https:\/\/infct.de\/ichain\/wp-content\/uploads\/2020\/04\/ichain-logo-name-lang-463x100-1.png","datePublished":"2020-04-21T18:42:18+00:00","dateModified":"2020-07-08T08:32:27+00:00","breadcrumb":{"@id":"https:\/\/infct.de\/ichain\/demo-portal\/#breadcrumb"},"inLanguage":"de","potentialAction":[{"@type":"ReadAction","target":["https:\/\/infct.de\/ichain\/demo-portal\/"]}]},{"@type":"ImageObject","inLanguage":"de","@id":"https:\/\/infct.de\/ichain\/demo-portal\/#primaryimage","url":"https:\/\/infct.de\/ichain\/wp-content\/uploads\/2020\/04\/ichain-logo-name-lang-463x100-1.png","contentUrl":"https:\/\/infct.de\/ichain\/wp-content\/uploads\/2020\/04\/ichain-logo-name-lang-463x100-1.png","width":463,"height":200},{"@type":"BreadcrumbList","@id":"https:\/\/infct.de\/ichain\/demo-portal\/#breadcrumb","itemListElement":[{"@type":"ListItem","position":1,"name":"Home","item":"https:\/\/infct.de\/ichain\/"},{"@type":"ListItem","position":2,"name":"Demo Portal"}]},{"@type":"WebSite","@id":"https:\/\/infct.de\/ichain\/#website","url":"https:\/\/infct.de\/ichain\/","name":"I-Chain-Tracker","description":"Infektionskettenverfolgung Quarant\u00e4nemanagement","publisher":{"@id":"https:\/\/infct.de\/ichain\/#organization"},"potentialAction":[{"@type":"SearchAction","target":{"@type":"EntryPoint","urlTemplate":"https:\/\/infct.de\/ichain\/?s={search_term_string}"},"query-input":{"@type":"PropertyValueSpecification","valueRequired":true,"valueName":"search_term_string"}}],"inLanguage":"de"},{"@type":"Organization","@id":"https:\/\/infct.de\/ichain\/#organization","name":"GDD-IT","url":"https:\/\/infct.de\/ichain\/","logo":{"@type":"ImageObject","inLanguage":"de","@id":"https:\/\/infct.de\/ichain\/#\/schema\/logo\/image\/","url":"https:\/\/infct.de\/ichain\/wp-content\/uploads\/2020\/04\/i-chain-logo-quadrat-100x100-1.png","contentUrl":"https:\/\/infct.de\/ichain\/wp-content\/uploads\/2020\/04\/i-chain-logo-quadrat-100x100-1.png","width":100,"height":100,"caption":"GDD-IT"},"image":{"@id":"https:\/\/infct.de\/ichain\/#\/schema\/logo\/image\/"}}]}},"_links":{"self":[{"href":"https:\/\/infct.de\/ichain\/wp-json\/wp\/v2\/pages\/45","targetHints":{"allow":["GET"]}}],"collection":[{"href":"https:\/\/infct.de\/ichain\/wp-json\/wp\/v2\/pages"}],"about":[{"href":"https:\/\/infct.de\/ichain\/wp-json\/wp\/v2\/types\/page"}],"author":[{"embeddable":true,"href":"https:\/\/infct.de\/ichain\/wp-json\/wp\/v2\/users\/1"}],"replies":[{"embeddable":true,"href":"https:\/\/infct.de\/ichain\/wp-json\/wp\/v2\/comments?post=45"}],"version-history":[{"count":6,"href":"https:\/\/infct.de\/ichain\/wp-json\/wp\/v2\/pages\/45\/revisions"}],"predecessor-version":[{"id":213,"href":"https:\/\/infct.de\/ichain\/wp-json\/wp\/v2\/pages\/45\/revisions\/213"}],"wp:featuredmedia":[{"embeddable":true,"href":"https:\/\/infct.de\/ichain\/wp-json\/wp\/v2\/media\/146"}],"wp:attachment":[{"href":"https:\/\/infct.de\/ichain\/wp-json\/wp\/v2\/media?parent=45"}],"curies":[{"name":"wp","href":"https:\/\/api.w.org\/{rel}","templated":true}]}}