{"id":43,"date":"2020-04-21T18:40:21","date_gmt":"2020-04-21T18:40:21","guid":{"rendered":"http:\/\/infct.de\/ichain\/?page_id=43"},"modified":"2020-07-23T06:40:54","modified_gmt":"2020-07-23T05:40:54","slug":"die-software","status":"publish","type":"page","link":"https:\/\/infct.de\/ichain\/die-software\/","title":{"rendered":"Die Software"},"content":{"rendered":"\n<p><\/p>\n\n\n\n<p>Die Software ist f\u00fcr die Infektionskettennachverfolgung und die Quarant\u00e4neverwaltung konzipiert. Sie wurde getestet und steht einsatzbereit zur Verf\u00fcgung. Die Anwendung wurde als Portalanwendung mit Client-Server- Struktur realisiert.\u00a0 <\/p>\n\n\n\n<p>Mit Hilfe der Export-Funktion sind Sie in der Lage, Daten nach SurvNet (RKI) zu exportieren und somit alle ausgew\u00e4hlten Personen und Vorg\u00e4nge einfach zu Melden.<\/p>\n\n\n\n<p>Zentraler Bestandteil ist eine MS-SQL-Datenbank mit einem exakt auf das Projekt ausgerichteten flexiblen Datenmodell.<\/p>\n\n\n\n<p>Die Anwendung ist auf einen Server eines deutschen Hostingproviders mit Serverstandort in Deutschland gehostet und sofort einsatzbereit. Die Serverinfrastruktur entspricht den Anforderungen an Ausfallsicherheit und DSGVO-Verordnung. Ein Hosting auf anderen Servern ist m\u00f6glich.<\/p>\n\n\n\n<p>Die zust\u00e4ndigen Sachbearbeiter werden f\u00fcr den Login durch den Administrator angelegt. Nach der Freischaltung sind Sie in der Lage sich am Login zu authentifizieren und sich mit Nutzernamen und Passwort anzumelden. <\/p>\n\n\n\n<p>Die Bedienung der Software entspricht in Look and Feel bekannten Formulareingaben mit Eingabefeld und Beschreibung. Die Inhalte der Eingabemasken sind weitestgehend selbsterkl\u00e4rend. <\/p>\n\n\n\n<p>Es wird eingesch\u00e4tzt, dass die Nutzer mit einer einfachen Onlineeinweisung arbeitsf\u00e4hig sein werden.<\/p>\n","protected":false},"excerpt":{"rendered":"<p>Die Software ist f\u00fcr die Infektionskettennachverfolgung und die Quarant\u00e4neverwaltung konzipiert. Sie wurde getestet und steht einsatzbereit zur Verf\u00fcgung. Die Anwendung wurde als Portalanwendung mit Client-Server- Struktur realisiert.\u00a0 Mit Hilfe der Export-Funktion sind Sie in der Lage, Daten nach SurvNet (RKI)<\/p>\n","protected":false},"author":1,"featured_media":67,"parent":0,"menu_order":0,"comment_status":"closed","ping_status":"closed","template":"","meta":{"footnotes":""},"class_list":["post-43","page","type-page","status-publish","has-post-thumbnail","hentry"],"yoast_head":"<!-- This site is optimized with the Yoast SEO plugin v24.2 - https:\/\/yoast.com\/wordpress\/plugins\/seo\/ -->\r\n<title>Die Software - I-Chain-Tracker<\/title>\r\n<meta name=\"robots\" content=\"index, follow, max-snippet:-1, max-image-preview:large, max-video-preview:-1\" \/>\r\n<link rel=\"canonical\" href=\"https:\/\/infct.de\/ichain\/die-software\/\" \/>\r\n<meta property=\"og:locale\" content=\"de_DE\" \/>\r\n<meta property=\"og:type\" content=\"article\" \/>\r\n<meta property=\"og:title\" content=\"Die Software - I-Chain-Tracker\" \/>\r\n<meta property=\"og:description\" content=\"Die Software ist f\u00fcr die Infektionskettennachverfolgung und die Quarant\u00e4neverwaltung konzipiert. Sie wurde getestet und steht einsatzbereit zur Verf\u00fcgung. Die Anwendung wurde als Portalanwendung mit Client-Server- Struktur realisiert.\u00a0 Mit Hilfe der Export-Funktion sind Sie in der Lage, Daten nach SurvNet (RKI)\" \/>\r\n<meta property=\"og:url\" content=\"https:\/\/infct.de\/ichain\/die-software\/\" \/>\r\n<meta property=\"og:site_name\" content=\"I-Chain-Tracker\" \/>\r\n<meta property=\"article:modified_time\" content=\"2020-07-23T05:40:54+00:00\" \/>\r\n<meta property=\"og:image\" content=\"https:\/\/infct.de\/ichain\/wp-content\/uploads\/2020\/04\/I-Chain-Notebook-Safe-300x200-1.jpg\" \/>\r\n\t<meta property=\"og:image:width\" content=\"300\" \/>\r\n\t<meta property=\"og:image:height\" content=\"200\" \/>\r\n\t<meta property=\"og:image:type\" content=\"image\/jpeg\" \/>\r\n<meta name=\"twitter:card\" content=\"summary_large_image\" \/>\r\n<meta name=\"twitter:label1\" content=\"Gesch\u00e4tzte Lesezeit\" \/>\n\t<meta name=\"twitter:data1\" content=\"1\u00a0Minute\" \/>\r\n<script type=\"application\/ld+json\" class=\"yoast-schema-graph\">{\"@context\":\"https:\/\/schema.org\",\"@graph\":[{\"@type\":\"WebPage\",\"@id\":\"https:\/\/infct.de\/ichain\/die-software\/\",\"url\":\"https:\/\/infct.de\/ichain\/die-software\/\",\"name\":\"Die Software - I-Chain-Tracker\",\"isPartOf\":{\"@id\":\"https:\/\/infct.de\/ichain\/#website\"},\"primaryImageOfPage\":{\"@id\":\"https:\/\/infct.de\/ichain\/die-software\/#primaryimage\"},\"image\":{\"@id\":\"https:\/\/infct.de\/ichain\/die-software\/#primaryimage\"},\"thumbnailUrl\":\"https:\/\/infct.de\/ichain\/wp-content\/uploads\/2020\/04\/I-Chain-Notebook-Safe-300x200-1.jpg\",\"datePublished\":\"2020-04-21T18:40:21+00:00\",\"dateModified\":\"2020-07-23T05:40:54+00:00\",\"breadcrumb\":{\"@id\":\"https:\/\/infct.de\/ichain\/die-software\/#breadcrumb\"},\"inLanguage\":\"de\",\"potentialAction\":[{\"@type\":\"ReadAction\",\"target\":[\"https:\/\/infct.de\/ichain\/die-software\/\"]}]},{\"@type\":\"ImageObject\",\"inLanguage\":\"de\",\"@id\":\"https:\/\/infct.de\/ichain\/die-software\/#primaryimage\",\"url\":\"https:\/\/infct.de\/ichain\/wp-content\/uploads\/2020\/04\/I-Chain-Notebook-Safe-300x200-1.jpg\",\"contentUrl\":\"https:\/\/infct.de\/ichain\/wp-content\/uploads\/2020\/04\/I-Chain-Notebook-Safe-300x200-1.jpg\",\"width\":300,\"height\":200},{\"@type\":\"BreadcrumbList\",\"@id\":\"https:\/\/infct.de\/ichain\/die-software\/#breadcrumb\",\"itemListElement\":[{\"@type\":\"ListItem\",\"position\":1,\"name\":\"Home\",\"item\":\"https:\/\/infct.de\/ichain\/\"},{\"@type\":\"ListItem\",\"position\":2,\"name\":\"Die Software\"}]},{\"@type\":\"WebSite\",\"@id\":\"https:\/\/infct.de\/ichain\/#website\",\"url\":\"https:\/\/infct.de\/ichain\/\",\"name\":\"I-Chain-Tracker\",\"description\":\"Infektionskettenverfolgung Quarant\u00e4nemanagement\",\"publisher\":{\"@id\":\"https:\/\/infct.de\/ichain\/#organization\"},\"potentialAction\":[{\"@type\":\"SearchAction\",\"target\":{\"@type\":\"EntryPoint\",\"urlTemplate\":\"https:\/\/infct.de\/ichain\/?s={search_term_string}\"},\"query-input\":{\"@type\":\"PropertyValueSpecification\",\"valueRequired\":true,\"valueName\":\"search_term_string\"}}],\"inLanguage\":\"de\"},{\"@type\":\"Organization\",\"@id\":\"https:\/\/infct.de\/ichain\/#organization\",\"name\":\"GDD-IT\",\"url\":\"https:\/\/infct.de\/ichain\/\",\"logo\":{\"@type\":\"ImageObject\",\"inLanguage\":\"de\",\"@id\":\"https:\/\/infct.de\/ichain\/#\/schema\/logo\/image\/\",\"url\":\"https:\/\/infct.de\/ichain\/wp-content\/uploads\/2020\/04\/i-chain-logo-quadrat-100x100-1.png\",\"contentUrl\":\"https:\/\/infct.de\/ichain\/wp-content\/uploads\/2020\/04\/i-chain-logo-quadrat-100x100-1.png\",\"width\":100,\"height\":100,\"caption\":\"GDD-IT\"},\"image\":{\"@id\":\"https:\/\/infct.de\/ichain\/#\/schema\/logo\/image\/\"}}]}<\/script>\r\n<!-- \/ Yoast SEO plugin. -->","yoast_head_json":{"title":"Die Software - I-Chain-Tracker","robots":{"index":"index","follow":"follow","max-snippet":"max-snippet:-1","max-image-preview":"max-image-preview:large","max-video-preview":"max-video-preview:-1"},"canonical":"https:\/\/infct.de\/ichain\/die-software\/","og_locale":"de_DE","og_type":"article","og_title":"Die Software - I-Chain-Tracker","og_description":"Die Software ist f\u00fcr die Infektionskettennachverfolgung und die Quarant\u00e4neverwaltung konzipiert. Sie wurde getestet und steht einsatzbereit zur Verf\u00fcgung. Die Anwendung wurde als Portalanwendung mit Client-Server- Struktur realisiert.\u00a0 Mit Hilfe der Export-Funktion sind Sie in der Lage, Daten nach SurvNet (RKI)","og_url":"https:\/\/infct.de\/ichain\/die-software\/","og_site_name":"I-Chain-Tracker","article_modified_time":"2020-07-23T05:40:54+00:00","og_image":[{"width":300,"height":200,"url":"https:\/\/infct.de\/ichain\/wp-content\/uploads\/2020\/04\/I-Chain-Notebook-Safe-300x200-1.jpg","type":"image\/jpeg"}],"twitter_card":"summary_large_image","twitter_misc":{"Gesch\u00e4tzte Lesezeit":"1\u00a0Minute"},"schema":{"@context":"https:\/\/schema.org","@graph":[{"@type":"WebPage","@id":"https:\/\/infct.de\/ichain\/die-software\/","url":"https:\/\/infct.de\/ichain\/die-software\/","name":"Die Software - I-Chain-Tracker","isPartOf":{"@id":"https:\/\/infct.de\/ichain\/#website"},"primaryImageOfPage":{"@id":"https:\/\/infct.de\/ichain\/die-software\/#primaryimage"},"image":{"@id":"https:\/\/infct.de\/ichain\/die-software\/#primaryimage"},"thumbnailUrl":"https:\/\/infct.de\/ichain\/wp-content\/uploads\/2020\/04\/I-Chain-Notebook-Safe-300x200-1.jpg","datePublished":"2020-04-21T18:40:21+00:00","dateModified":"2020-07-23T05:40:54+00:00","breadcrumb":{"@id":"https:\/\/infct.de\/ichain\/die-software\/#breadcrumb"},"inLanguage":"de","potentialAction":[{"@type":"ReadAction","target":["https:\/\/infct.de\/ichain\/die-software\/"]}]},{"@type":"ImageObject","inLanguage":"de","@id":"https:\/\/infct.de\/ichain\/die-software\/#primaryimage","url":"https:\/\/infct.de\/ichain\/wp-content\/uploads\/2020\/04\/I-Chain-Notebook-Safe-300x200-1.jpg","contentUrl":"https:\/\/infct.de\/ichain\/wp-content\/uploads\/2020\/04\/I-Chain-Notebook-Safe-300x200-1.jpg","width":300,"height":200},{"@type":"BreadcrumbList","@id":"https:\/\/infct.de\/ichain\/die-software\/#breadcrumb","itemListElement":[{"@type":"ListItem","position":1,"name":"Home","item":"https:\/\/infct.de\/ichain\/"},{"@type":"ListItem","position":2,"name":"Die Software"}]},{"@type":"WebSite","@id":"https:\/\/infct.de\/ichain\/#website","url":"https:\/\/infct.de\/ichain\/","name":"I-Chain-Tracker","description":"Infektionskettenverfolgung Quarant\u00e4nemanagement","publisher":{"@id":"https:\/\/infct.de\/ichain\/#organization"},"potentialAction":[{"@type":"SearchAction","target":{"@type":"EntryPoint","urlTemplate":"https:\/\/infct.de\/ichain\/?s={search_term_string}"},"query-input":{"@type":"PropertyValueSpecification","valueRequired":true,"valueName":"search_term_string"}}],"inLanguage":"de"},{"@type":"Organization","@id":"https:\/\/infct.de\/ichain\/#organization","name":"GDD-IT","url":"https:\/\/infct.de\/ichain\/","logo":{"@type":"ImageObject","inLanguage":"de","@id":"https:\/\/infct.de\/ichain\/#\/schema\/logo\/image\/","url":"https:\/\/infct.de\/ichain\/wp-content\/uploads\/2020\/04\/i-chain-logo-quadrat-100x100-1.png","contentUrl":"https:\/\/infct.de\/ichain\/wp-content\/uploads\/2020\/04\/i-chain-logo-quadrat-100x100-1.png","width":100,"height":100,"caption":"GDD-IT"},"image":{"@id":"https:\/\/infct.de\/ichain\/#\/schema\/logo\/image\/"}}]}},"_links":{"self":[{"href":"https:\/\/infct.de\/ichain\/wp-json\/wp\/v2\/pages\/43","targetHints":{"allow":["GET"]}}],"collection":[{"href":"https:\/\/infct.de\/ichain\/wp-json\/wp\/v2\/pages"}],"about":[{"href":"https:\/\/infct.de\/ichain\/wp-json\/wp\/v2\/types\/page"}],"author":[{"embeddable":true,"href":"https:\/\/infct.de\/ichain\/wp-json\/wp\/v2\/users\/1"}],"replies":[{"embeddable":true,"href":"https:\/\/infct.de\/ichain\/wp-json\/wp\/v2\/comments?post=43"}],"version-history":[{"count":5,"href":"https:\/\/infct.de\/ichain\/wp-json\/wp\/v2\/pages\/43\/revisions"}],"predecessor-version":[{"id":222,"href":"https:\/\/infct.de\/ichain\/wp-json\/wp\/v2\/pages\/43\/revisions\/222"}],"wp:featuredmedia":[{"embeddable":true,"href":"https:\/\/infct.de\/ichain\/wp-json\/wp\/v2\/media\/67"}],"wp:attachment":[{"href":"https:\/\/infct.de\/ichain\/wp-json\/wp\/v2\/media?parent=43"}],"curies":[{"name":"wp","href":"https:\/\/api.w.org\/{rel}","templated":true}]}}