{"id":40,"date":"2020-04-21T18:33:56","date_gmt":"2020-04-21T18:33:56","guid":{"rendered":"http:\/\/infct.de\/ichain\/?page_id=40"},"modified":"2020-04-26T13:40:19","modified_gmt":"2020-04-26T12:40:19","slug":"infektionsketten-nachverfolgung","status":"publish","type":"page","link":"https:\/\/infct.de\/ichain\/infektionsketten-nachverfolgung\/","title":{"rendered":"Infektionskettenverfolgung"},"content":{"rendered":"\n<p>Infektionskettennachverfolgung ist Experten zu Folge der Schl\u00fcssel zum Erfolg.<\/p>\n\n\n\n<p>Auch die Bundesregierung setzt auf eine &nbsp;komplette Verfolgung der Infektionsketten.<\/p>\n\n\n\n<p>I-Chain-Tracker setzt die Nachverfolgung der Infektionsketten in einer Software f\u00fcr die Gesundheits\u00e4mter der Landkreise um. Dabei f\u00fchrt die Software zu einer sp\u00fcrbaren Entlastung der Mitarbeiter indem sie die Vorg\u00e4nge verwaltet, zueinander in Beziehung setzt und terminliche Abl\u00e4ufe unterst\u00fctzt.<\/p>\n\n\n\n<p><\/p>\n\n\n\n<h4 class=\"wp-block-heading\">Motivation<\/h4>\n\n\n\n<p><\/p>\n\n\n\n<div class=\"wp-block-image\"><figure class=\"alignleft size-large is-resized\"><img loading=\"lazy\" decoding=\"async\" src=\"https:\/\/infct.de\/ichain\/wp-content\/uploads\/2020\/04\/Corona_Sisyphusi_333x222.jpg\" alt=\"\" class=\"wp-image-58\" width=\"248\" height=\"184\"\/><\/figure><\/div>\n\n\n\n<p>Durch den Auftritt und die Verbreitung des Coronavirus SARS-CoV-2 auch in Deutschland stehen die Gesundheits\u00e4mter der kommunalen Verwaltungen vor der gro\u00dfen Aufgabe die Ausbreitung von SARS-CoV-2 auf regionaler Ebene einzud\u00e4mmen. <\/p>\n\n\n\n<p>Die daf\u00fcr notwendigen Arbeitsprozesse sollten zwingend durch leistungsf\u00e4hige, technische Hilfsmittel unterst\u00fctzt werden, um m\u00f6glichst effizient die Infektionskette zu durchbrechen. <\/p>\n\n\n\n<p>Auf Grund der Dringlichkeit lag das Hauptaugenmerk der Entwicklung auf der schnellstm\u00f6glichen Bereitstellung eines Arbeitsmittels f\u00fcr die Gesundheits\u00e4mter. <\/p>\n\n\n\n<p>Die Software konzentriert sich also auf die wesentlichen Belange des Krisenmanagements f\u00fcr COVID-19. Weiterhin wurde hoher Wert auf die Flexibilit\u00e4t und Skalierbarkeit der Software gelegt. Die 3. S\u00e4ule bildet die Datensicherheit f\u00fcr sensible pers\u00f6nliche Daten.&nbsp;<br><a href=\"https:\/\/infct.de\/ichain\/motivation\/\">mehr lesen<\/a><\/p>\n\n\n\n<p><\/p>\n\n\n\n<h4 class=\"wp-block-heading\"><strong>Personenmanagement:<\/strong><\/h4>\n\n\n\n<div class=\"wp-block-image\"><figure class=\"alignleft size-large\"><img loading=\"lazy\" decoding=\"async\" width=\"300\" height=\"200\" src=\"https:\/\/infct.de\/ichain\/wp-content\/uploads\/2020\/04\/I-Chain-Tracker-PersonenKontakte-300x200-1.png\" alt=\"\" class=\"wp-image-62\"\/><\/figure><\/div>\n\n\n\n<p>Das Personenmanagement beinhaltet Namen, Geb.-Datum, Adresse, Symptome, Beziehungen, Status (z.B.Quarant\u00e4ne, Abstrich, Bescheid \u2026\u2026.) <\/p>\n\n\n\n<p>\u00dcber eine selbsterkl\u00e4rende Datenmaske ist der Sachbearbeiter in der Lage alle relevanten Daten zu einem Verdachtsfall zu erfassen. <\/p>\n\n\n\n<p>Die Adressdaten werden dazu \u00fcber die &nbsp;HK-DE (Hauskoordinaten Deutschland), abgeleitet aus dem aktuellen ALKIS, direkt aus dem System bereitgestellt, so dass der Benutzer von Anfang an bei der Erzeugung valider Datens\u00e4tze unterst\u00fctzt wird. <a href=\"https:\/\/infct.de\/ichain\/personenmanagement\/\"><br> mehr lesen<\/a><\/p>\n\n\n\n<p><br><\/p>\n\n\n\n<h4 class=\"wp-block-heading\"><strong>Vorgangsmanagement:<\/strong><\/h4>\n\n\n\n<div class=\"wp-block-image\"><figure class=\"alignleft size-large\"><img loading=\"lazy\" decoding=\"async\" width=\"238\" height=\"200\" src=\"https:\/\/infct.de\/ichain\/wp-content\/uploads\/2020\/04\/I-Chain-Vorgangsmanagment-238x200-1.jpg\" alt=\"\" class=\"wp-image-99\"\/><\/figure><\/div>\n\n\n\n<p>Das Vorgangsmanagement bildet die Prozesse der Vorgangsbearbeitung der Sachbearbeiter ab. <\/p>\n\n\n\n<p>Insbesondere sind das Termine, Befragungen, Abstrich-Termine, Abstrich-Ergebnisse, Quarant\u00e4ne, Quarant\u00e4neverl\u00e4ngerung, Bescheide, Bescheidtermine um nur einige zu nennen.<a href=\"https:\/\/infct.de\/ichain\/Vorgangsmanagement\/\"><br>mehr lesen<\/a><\/p>\n","protected":false},"excerpt":{"rendered":"<p>Infektionskettennachverfolgung ist Experten zu Folge der Schl\u00fcssel zum Erfolg. Auch die Bundesregierung setzt auf eine &nbsp;komplette Verfolgung der Infektionsketten. I-Chain-Tracker setzt die Nachverfolgung der Infektionsketten in einer Software f\u00fcr die Gesundheits\u00e4mter der Landkreise um. Dabei f\u00fchrt die Software zu einer<\/p>\n","protected":false},"author":1,"featured_media":62,"parent":0,"menu_order":0,"comment_status":"closed","ping_status":"closed","template":"","meta":{"footnotes":""},"class_list":["post-40","page","type-page","status-publish","has-post-thumbnail","hentry"],"yoast_head":"<!-- This site is optimized with the Yoast SEO plugin v24.2 - https:\/\/yoast.com\/wordpress\/plugins\/seo\/ -->\r\n<title>Infektionskettenverfolgung - I-Chain-Tracker<\/title>\r\n<meta name=\"robots\" content=\"index, follow, max-snippet:-1, max-image-preview:large, max-video-preview:-1\" \/>\r\n<link rel=\"canonical\" href=\"https:\/\/infct.de\/ichain\/infektionsketten-nachverfolgung\/\" \/>\r\n<meta property=\"og:locale\" content=\"de_DE\" \/>\r\n<meta property=\"og:type\" content=\"article\" \/>\r\n<meta property=\"og:title\" content=\"Infektionskettenverfolgung - I-Chain-Tracker\" \/>\r\n<meta property=\"og:description\" content=\"Infektionskettennachverfolgung ist Experten zu Folge der Schl\u00fcssel zum Erfolg. Auch die Bundesregierung setzt auf eine &nbsp;komplette Verfolgung der Infektionsketten. I-Chain-Tracker setzt die Nachverfolgung der Infektionsketten in einer Software f\u00fcr die Gesundheits\u00e4mter der Landkreise um. Dabei f\u00fchrt die Software zu einer\" \/>\r\n<meta property=\"og:url\" content=\"https:\/\/infct.de\/ichain\/infektionsketten-nachverfolgung\/\" \/>\r\n<meta property=\"og:site_name\" content=\"I-Chain-Tracker\" \/>\r\n<meta property=\"article:modified_time\" content=\"2020-04-26T12:40:19+00:00\" \/>\r\n<meta property=\"og:image\" content=\"https:\/\/infct.de\/ichain\/wp-content\/uploads\/2020\/04\/I-Chain-Tracker-PersonenKontakte-300x200-1.png\" \/>\r\n\t<meta property=\"og:image:width\" content=\"300\" \/>\r\n\t<meta property=\"og:image:height\" content=\"200\" \/>\r\n\t<meta property=\"og:image:type\" content=\"image\/png\" \/>\r\n<meta name=\"twitter:card\" content=\"summary_large_image\" \/>\r\n<meta name=\"twitter:label1\" content=\"Gesch\u00e4tzte Lesezeit\" \/>\n\t<meta name=\"twitter:data1\" content=\"1\u00a0Minute\" \/>\r\n<script type=\"application\/ld+json\" class=\"yoast-schema-graph\">{\"@context\":\"https:\/\/schema.org\",\"@graph\":[{\"@type\":\"WebPage\",\"@id\":\"https:\/\/infct.de\/ichain\/infektionsketten-nachverfolgung\/\",\"url\":\"https:\/\/infct.de\/ichain\/infektionsketten-nachverfolgung\/\",\"name\":\"Infektionskettenverfolgung - I-Chain-Tracker\",\"isPartOf\":{\"@id\":\"https:\/\/infct.de\/ichain\/#website\"},\"primaryImageOfPage\":{\"@id\":\"https:\/\/infct.de\/ichain\/infektionsketten-nachverfolgung\/#primaryimage\"},\"image\":{\"@id\":\"https:\/\/infct.de\/ichain\/infektionsketten-nachverfolgung\/#primaryimage\"},\"thumbnailUrl\":\"https:\/\/infct.de\/ichain\/wp-content\/uploads\/2020\/04\/I-Chain-Tracker-PersonenKontakte-300x200-1.png\",\"datePublished\":\"2020-04-21T18:33:56+00:00\",\"dateModified\":\"2020-04-26T12:40:19+00:00\",\"breadcrumb\":{\"@id\":\"https:\/\/infct.de\/ichain\/infektionsketten-nachverfolgung\/#breadcrumb\"},\"inLanguage\":\"de\",\"potentialAction\":[{\"@type\":\"ReadAction\",\"target\":[\"https:\/\/infct.de\/ichain\/infektionsketten-nachverfolgung\/\"]}]},{\"@type\":\"ImageObject\",\"inLanguage\":\"de\",\"@id\":\"https:\/\/infct.de\/ichain\/infektionsketten-nachverfolgung\/#primaryimage\",\"url\":\"https:\/\/infct.de\/ichain\/wp-content\/uploads\/2020\/04\/I-Chain-Tracker-PersonenKontakte-300x200-1.png\",\"contentUrl\":\"https:\/\/infct.de\/ichain\/wp-content\/uploads\/2020\/04\/I-Chain-Tracker-PersonenKontakte-300x200-1.png\",\"width\":300,\"height\":200},{\"@type\":\"BreadcrumbList\",\"@id\":\"https:\/\/infct.de\/ichain\/infektionsketten-nachverfolgung\/#breadcrumb\",\"itemListElement\":[{\"@type\":\"ListItem\",\"position\":1,\"name\":\"Home\",\"item\":\"https:\/\/infct.de\/ichain\/\"},{\"@type\":\"ListItem\",\"position\":2,\"name\":\"Infektionskettenverfolgung\"}]},{\"@type\":\"WebSite\",\"@id\":\"https:\/\/infct.de\/ichain\/#website\",\"url\":\"https:\/\/infct.de\/ichain\/\",\"name\":\"I-Chain-Tracker\",\"description\":\"Infektionskettenverfolgung Quarant\u00e4nemanagement\",\"publisher\":{\"@id\":\"https:\/\/infct.de\/ichain\/#organization\"},\"potentialAction\":[{\"@type\":\"SearchAction\",\"target\":{\"@type\":\"EntryPoint\",\"urlTemplate\":\"https:\/\/infct.de\/ichain\/?s={search_term_string}\"},\"query-input\":{\"@type\":\"PropertyValueSpecification\",\"valueRequired\":true,\"valueName\":\"search_term_string\"}}],\"inLanguage\":\"de\"},{\"@type\":\"Organization\",\"@id\":\"https:\/\/infct.de\/ichain\/#organization\",\"name\":\"GDD-IT\",\"url\":\"https:\/\/infct.de\/ichain\/\",\"logo\":{\"@type\":\"ImageObject\",\"inLanguage\":\"de\",\"@id\":\"https:\/\/infct.de\/ichain\/#\/schema\/logo\/image\/\",\"url\":\"https:\/\/infct.de\/ichain\/wp-content\/uploads\/2020\/04\/i-chain-logo-quadrat-100x100-1.png\",\"contentUrl\":\"https:\/\/infct.de\/ichain\/wp-content\/uploads\/2020\/04\/i-chain-logo-quadrat-100x100-1.png\",\"width\":100,\"height\":100,\"caption\":\"GDD-IT\"},\"image\":{\"@id\":\"https:\/\/infct.de\/ichain\/#\/schema\/logo\/image\/\"}}]}<\/script>\r\n<!-- \/ Yoast SEO plugin. -->","yoast_head_json":{"title":"Infektionskettenverfolgung - I-Chain-Tracker","robots":{"index":"index","follow":"follow","max-snippet":"max-snippet:-1","max-image-preview":"max-image-preview:large","max-video-preview":"max-video-preview:-1"},"canonical":"https:\/\/infct.de\/ichain\/infektionsketten-nachverfolgung\/","og_locale":"de_DE","og_type":"article","og_title":"Infektionskettenverfolgung - I-Chain-Tracker","og_description":"Infektionskettennachverfolgung ist Experten zu Folge der Schl\u00fcssel zum Erfolg. Auch die Bundesregierung setzt auf eine &nbsp;komplette Verfolgung der Infektionsketten. I-Chain-Tracker setzt die Nachverfolgung der Infektionsketten in einer Software f\u00fcr die Gesundheits\u00e4mter der Landkreise um. Dabei f\u00fchrt die Software zu einer","og_url":"https:\/\/infct.de\/ichain\/infektionsketten-nachverfolgung\/","og_site_name":"I-Chain-Tracker","article_modified_time":"2020-04-26T12:40:19+00:00","og_image":[{"width":300,"height":200,"url":"https:\/\/infct.de\/ichain\/wp-content\/uploads\/2020\/04\/I-Chain-Tracker-PersonenKontakte-300x200-1.png","type":"image\/png"}],"twitter_card":"summary_large_image","twitter_misc":{"Gesch\u00e4tzte Lesezeit":"1\u00a0Minute"},"schema":{"@context":"https:\/\/schema.org","@graph":[{"@type":"WebPage","@id":"https:\/\/infct.de\/ichain\/infektionsketten-nachverfolgung\/","url":"https:\/\/infct.de\/ichain\/infektionsketten-nachverfolgung\/","name":"Infektionskettenverfolgung - I-Chain-Tracker","isPartOf":{"@id":"https:\/\/infct.de\/ichain\/#website"},"primaryImageOfPage":{"@id":"https:\/\/infct.de\/ichain\/infektionsketten-nachverfolgung\/#primaryimage"},"image":{"@id":"https:\/\/infct.de\/ichain\/infektionsketten-nachverfolgung\/#primaryimage"},"thumbnailUrl":"https:\/\/infct.de\/ichain\/wp-content\/uploads\/2020\/04\/I-Chain-Tracker-PersonenKontakte-300x200-1.png","datePublished":"2020-04-21T18:33:56+00:00","dateModified":"2020-04-26T12:40:19+00:00","breadcrumb":{"@id":"https:\/\/infct.de\/ichain\/infektionsketten-nachverfolgung\/#breadcrumb"},"inLanguage":"de","potentialAction":[{"@type":"ReadAction","target":["https:\/\/infct.de\/ichain\/infektionsketten-nachverfolgung\/"]}]},{"@type":"ImageObject","inLanguage":"de","@id":"https:\/\/infct.de\/ichain\/infektionsketten-nachverfolgung\/#primaryimage","url":"https:\/\/infct.de\/ichain\/wp-content\/uploads\/2020\/04\/I-Chain-Tracker-PersonenKontakte-300x200-1.png","contentUrl":"https:\/\/infct.de\/ichain\/wp-content\/uploads\/2020\/04\/I-Chain-Tracker-PersonenKontakte-300x200-1.png","width":300,"height":200},{"@type":"BreadcrumbList","@id":"https:\/\/infct.de\/ichain\/infektionsketten-nachverfolgung\/#breadcrumb","itemListElement":[{"@type":"ListItem","position":1,"name":"Home","item":"https:\/\/infct.de\/ichain\/"},{"@type":"ListItem","position":2,"name":"Infektionskettenverfolgung"}]},{"@type":"WebSite","@id":"https:\/\/infct.de\/ichain\/#website","url":"https:\/\/infct.de\/ichain\/","name":"I-Chain-Tracker","description":"Infektionskettenverfolgung Quarant\u00e4nemanagement","publisher":{"@id":"https:\/\/infct.de\/ichain\/#organization"},"potentialAction":[{"@type":"SearchAction","target":{"@type":"EntryPoint","urlTemplate":"https:\/\/infct.de\/ichain\/?s={search_term_string}"},"query-input":{"@type":"PropertyValueSpecification","valueRequired":true,"valueName":"search_term_string"}}],"inLanguage":"de"},{"@type":"Organization","@id":"https:\/\/infct.de\/ichain\/#organization","name":"GDD-IT","url":"https:\/\/infct.de\/ichain\/","logo":{"@type":"ImageObject","inLanguage":"de","@id":"https:\/\/infct.de\/ichain\/#\/schema\/logo\/image\/","url":"https:\/\/infct.de\/ichain\/wp-content\/uploads\/2020\/04\/i-chain-logo-quadrat-100x100-1.png","contentUrl":"https:\/\/infct.de\/ichain\/wp-content\/uploads\/2020\/04\/i-chain-logo-quadrat-100x100-1.png","width":100,"height":100,"caption":"GDD-IT"},"image":{"@id":"https:\/\/infct.de\/ichain\/#\/schema\/logo\/image\/"}}]}},"_links":{"self":[{"href":"https:\/\/infct.de\/ichain\/wp-json\/wp\/v2\/pages\/40","targetHints":{"allow":["GET"]}}],"collection":[{"href":"https:\/\/infct.de\/ichain\/wp-json\/wp\/v2\/pages"}],"about":[{"href":"https:\/\/infct.de\/ichain\/wp-json\/wp\/v2\/types\/page"}],"author":[{"embeddable":true,"href":"https:\/\/infct.de\/ichain\/wp-json\/wp\/v2\/users\/1"}],"replies":[{"embeddable":true,"href":"https:\/\/infct.de\/ichain\/wp-json\/wp\/v2\/comments?post=40"}],"version-history":[{"count":19,"href":"https:\/\/infct.de\/ichain\/wp-json\/wp\/v2\/pages\/40\/revisions"}],"predecessor-version":[{"id":172,"href":"https:\/\/infct.de\/ichain\/wp-json\/wp\/v2\/pages\/40\/revisions\/172"}],"wp:featuredmedia":[{"embeddable":true,"href":"https:\/\/infct.de\/ichain\/wp-json\/wp\/v2\/media\/62"}],"wp:attachment":[{"href":"https:\/\/infct.de\/ichain\/wp-json\/wp\/v2\/media?parent=40"}],"curies":[{"name":"wp","href":"https:\/\/api.w.org\/{rel}","templated":true}]}}