{"id":186,"date":"2020-06-10T09:06:34","date_gmt":"2020-06-10T08:06:34","guid":{"rendered":"https:\/\/infct.de\/ichain\/?page_id=186"},"modified":"2020-06-18T14:30:07","modified_gmt":"2020-06-18T13:30:07","slug":"programmimpressionen","status":"publish","type":"page","link":"https:\/\/infct.de\/ichain\/programmimpressionen\/","title":{"rendered":"Mit unserer Software senken Sie den Organisationsaufwand f\u00fcr die Mitarbeiter-Teams auf   0 (Null)."},"content":{"rendered":"\n<p>Die Software ist unmittelbar einsatzbereit. Sie ist f\u00fcr die Sachbearbeiter einfach und \u00fcbersichtlich strukturiert und ist mit geringem Aufwand in jedem Gesundheitsamt einf\u00fchrbar.<\/p>\n\n\n\n<p>Vielf\u00e4ltige geografische Visualisierung der CORONA-Situation im Zust\u00e4ndigkeitsgebiet, direkte Erkennbarkeit regionaler Zusammenh\u00e4nge und Ableitung von Ma\u00dfnahmen aus r\u00e4umlichen Zusammenh\u00e4ngen.<\/p>\n\n\n\n<figure class=\"wp-block-image size-large\"><img loading=\"lazy\" decoding=\"async\" width=\"1916\" height=\"899\" src=\"https:\/\/infct.de\/ichain\/wp-content\/uploads\/2020\/06\/Screenshot_2020-06-10-I-Chain-Tracker.png\" alt=\"Demo Startseite\" class=\"wp-image-190\"\/><\/figure>\n\n\n\n<p>Im <strong>I-Chain-Tracker<\/strong> k\u00f6nnen Sie Infektionsketten dynamisch in Tabellen, Baumstrukturen und geografisch darstellen und daraus notwendige Ma\u00dfnahmen ableiten.<\/p>\n\n\n\n<figure class=\"wp-block-image size-large\"><img loading=\"lazy\" decoding=\"async\" width=\"946\" height=\"521\" src=\"https:\/\/infct.de\/ichain\/wp-content\/uploads\/2020\/06\/infektionsketten.png\" alt=\"\" class=\"wp-image-202\"\/><\/figure>\n\n\n\n<p>Mit unserer Software k\u00f6nnen Sie Inzidenzbereiche geografisch definieren und Problembereiche identifizieren.<\/p>\n\n\n\n<figure class=\"wp-block-video\"><video id=\"vid\" controls=\"\" src=\"https:\/\/infct.de\/ichain\/wp-content\/uploads\/2020\/06\/InfctVerfolgung.webm\"><\/video><figcaption>Programmimpressionen<\/figcaption><\/figure>\n<button onclick=\"document.getElementById('vid').play()\">Video starten<\/button>\n\n\n\n<p>Im Gegensatz zu vielen anderen L\u00f6sungen konzentriert sich die Software auf die Unterst\u00fctzung der Mitarbeiter der zust\u00e4ndigen Verwaltungen bei der Verwaltungsarbeit, die im Zusammenhang mit der Bek\u00e4mpfung von CORONA anf\u00e4llt. Speziell organisiert die Software die Zusammenarbeit auch gr\u00f6\u00dferer Teams bei den unterschiedlichen Arbeitsabl\u00e4ufen (z.B. Personenerfassung, Kontaktpersonenerfassung, Personenbefragung, Terminverwaltung Quarant\u00e4nen, \u00c4rztliche- \/ Laborinformationen, Bescheide \/ Schriftverkehr, Geografische Visualisierung und Analyse der Infektionsketten).<\/p>\n\n\n\n<p><br>In ruhigen Zeiten Programm zur Kenntnis nehmen, dazu ist wenig Zeit erforderlich.<\/p>\n","protected":false},"excerpt":{"rendered":"<p>Die Software ist unmittelbar einsatzbereit. Sie ist f\u00fcr die Sachbearbeiter einfach und \u00fcbersichtlich strukturiert und ist mit geringem Aufwand in jedem Gesundheitsamt einf\u00fchrbar. Vielf\u00e4ltige geografische Visualisierung der CORONA-Situation im Zust\u00e4ndigkeitsgebiet, direkte Erkennbarkeit regionaler Zusammenh\u00e4nge und Ableitung von Ma\u00dfnahmen aus r\u00e4umlichen<\/p>\n","protected":false},"author":1,"featured_media":0,"parent":0,"menu_order":0,"comment_status":"closed","ping_status":"closed","template":"","meta":{"footnotes":""},"class_list":["post-186","page","type-page","status-publish","hentry"],"yoast_head":"<!-- This site is optimized with the Yoast SEO plugin v24.2 - https:\/\/yoast.com\/wordpress\/plugins\/seo\/ -->\r\n<title>Mit unserer Software senken Sie den Organisationsaufwand f\u00fcr die Mitarbeiter-Teams auf  0 (Null). - I-Chain-Tracker<\/title>\r\n<meta name=\"robots\" content=\"index, follow, max-snippet:-1, max-image-preview:large, max-video-preview:-1\" \/>\r\n<link rel=\"canonical\" href=\"https:\/\/infct.de\/ichain\/programmimpressionen\/\" \/>\r\n<meta property=\"og:locale\" content=\"de_DE\" \/>\r\n<meta property=\"og:type\" content=\"article\" \/>\r\n<meta property=\"og:title\" content=\"Mit unserer Software senken Sie den Organisationsaufwand f\u00fcr die Mitarbeiter-Teams auf  0 (Null). - I-Chain-Tracker\" \/>\r\n<meta property=\"og:description\" content=\"Die Software ist unmittelbar einsatzbereit. Sie ist f\u00fcr die Sachbearbeiter einfach und \u00fcbersichtlich strukturiert und ist mit geringem Aufwand in jedem Gesundheitsamt einf\u00fchrbar. Vielf\u00e4ltige geografische Visualisierung der CORONA-Situation im Zust\u00e4ndigkeitsgebiet, direkte Erkennbarkeit regionaler Zusammenh\u00e4nge und Ableitung von Ma\u00dfnahmen aus r\u00e4umlichen\" \/>\r\n<meta property=\"og:url\" content=\"https:\/\/infct.de\/ichain\/programmimpressionen\/\" \/>\r\n<meta property=\"og:site_name\" content=\"I-Chain-Tracker\" \/>\r\n<meta property=\"article:modified_time\" content=\"2020-06-18T13:30:07+00:00\" \/>\r\n<meta property=\"og:image\" content=\"https:\/\/infct.de\/ichain\/wp-content\/uploads\/2020\/06\/Screenshot_2020-06-10-I-Chain-Tracker.png\" \/>\r\n<meta name=\"twitter:card\" content=\"summary_large_image\" \/>\r\n<meta name=\"twitter:label1\" content=\"Gesch\u00e4tzte Lesezeit\" \/>\n\t<meta name=\"twitter:data1\" content=\"1\u00a0Minute\" \/>\r\n<script type=\"application\/ld+json\" class=\"yoast-schema-graph\">{\"@context\":\"https:\/\/schema.org\",\"@graph\":[{\"@type\":\"WebPage\",\"@id\":\"https:\/\/infct.de\/ichain\/programmimpressionen\/\",\"url\":\"https:\/\/infct.de\/ichain\/programmimpressionen\/\",\"name\":\"Mit unserer Software senken Sie den Organisationsaufwand f\u00fcr die Mitarbeiter-Teams auf 0 (Null). - I-Chain-Tracker\",\"isPartOf\":{\"@id\":\"https:\/\/infct.de\/ichain\/#website\"},\"primaryImageOfPage\":{\"@id\":\"https:\/\/infct.de\/ichain\/programmimpressionen\/#primaryimage\"},\"image\":{\"@id\":\"https:\/\/infct.de\/ichain\/programmimpressionen\/#primaryimage\"},\"thumbnailUrl\":\"https:\/\/infct.de\/ichain\/wp-content\/uploads\/2020\/06\/Screenshot_2020-06-10-I-Chain-Tracker.png\",\"datePublished\":\"2020-06-10T08:06:34+00:00\",\"dateModified\":\"2020-06-18T13:30:07+00:00\",\"breadcrumb\":{\"@id\":\"https:\/\/infct.de\/ichain\/programmimpressionen\/#breadcrumb\"},\"inLanguage\":\"de\",\"potentialAction\":[{\"@type\":\"ReadAction\",\"target\":[\"https:\/\/infct.de\/ichain\/programmimpressionen\/\"]}]},{\"@type\":\"ImageObject\",\"inLanguage\":\"de\",\"@id\":\"https:\/\/infct.de\/ichain\/programmimpressionen\/#primaryimage\",\"url\":\"https:\/\/infct.de\/ichain\/wp-content\/uploads\/2020\/06\/Screenshot_2020-06-10-I-Chain-Tracker.png\",\"contentUrl\":\"https:\/\/infct.de\/ichain\/wp-content\/uploads\/2020\/06\/Screenshot_2020-06-10-I-Chain-Tracker.png\",\"width\":1916,\"height\":899,\"caption\":\"Demo Startseite\"},{\"@type\":\"BreadcrumbList\",\"@id\":\"https:\/\/infct.de\/ichain\/programmimpressionen\/#breadcrumb\",\"itemListElement\":[{\"@type\":\"ListItem\",\"position\":1,\"name\":\"Home\",\"item\":\"https:\/\/infct.de\/ichain\/\"},{\"@type\":\"ListItem\",\"position\":2,\"name\":\"Mit unserer Software senken Sie den Organisationsaufwand f\u00fcr die Mitarbeiter-Teams auf 0 (Null).\"}]},{\"@type\":\"WebSite\",\"@id\":\"https:\/\/infct.de\/ichain\/#website\",\"url\":\"https:\/\/infct.de\/ichain\/\",\"name\":\"I-Chain-Tracker\",\"description\":\"Infektionskettenverfolgung Quarant\u00e4nemanagement\",\"publisher\":{\"@id\":\"https:\/\/infct.de\/ichain\/#organization\"},\"potentialAction\":[{\"@type\":\"SearchAction\",\"target\":{\"@type\":\"EntryPoint\",\"urlTemplate\":\"https:\/\/infct.de\/ichain\/?s={search_term_string}\"},\"query-input\":{\"@type\":\"PropertyValueSpecification\",\"valueRequired\":true,\"valueName\":\"search_term_string\"}}],\"inLanguage\":\"de\"},{\"@type\":\"Organization\",\"@id\":\"https:\/\/infct.de\/ichain\/#organization\",\"name\":\"GDD-IT\",\"url\":\"https:\/\/infct.de\/ichain\/\",\"logo\":{\"@type\":\"ImageObject\",\"inLanguage\":\"de\",\"@id\":\"https:\/\/infct.de\/ichain\/#\/schema\/logo\/image\/\",\"url\":\"https:\/\/infct.de\/ichain\/wp-content\/uploads\/2020\/04\/i-chain-logo-quadrat-100x100-1.png\",\"contentUrl\":\"https:\/\/infct.de\/ichain\/wp-content\/uploads\/2020\/04\/i-chain-logo-quadrat-100x100-1.png\",\"width\":100,\"height\":100,\"caption\":\"GDD-IT\"},\"image\":{\"@id\":\"https:\/\/infct.de\/ichain\/#\/schema\/logo\/image\/\"}}]}<\/script>\r\n<!-- \/ Yoast SEO plugin. -->","yoast_head_json":{"title":"Mit unserer Software senken Sie den Organisationsaufwand f\u00fcr die Mitarbeiter-Teams auf  0 (Null). - I-Chain-Tracker","robots":{"index":"index","follow":"follow","max-snippet":"max-snippet:-1","max-image-preview":"max-image-preview:large","max-video-preview":"max-video-preview:-1"},"canonical":"https:\/\/infct.de\/ichain\/programmimpressionen\/","og_locale":"de_DE","og_type":"article","og_title":"Mit unserer Software senken Sie den Organisationsaufwand f\u00fcr die Mitarbeiter-Teams auf  0 (Null). - I-Chain-Tracker","og_description":"Die Software ist unmittelbar einsatzbereit. Sie ist f\u00fcr die Sachbearbeiter einfach und \u00fcbersichtlich strukturiert und ist mit geringem Aufwand in jedem Gesundheitsamt einf\u00fchrbar. Vielf\u00e4ltige geografische Visualisierung der CORONA-Situation im Zust\u00e4ndigkeitsgebiet, direkte Erkennbarkeit regionaler Zusammenh\u00e4nge und Ableitung von Ma\u00dfnahmen aus r\u00e4umlichen","og_url":"https:\/\/infct.de\/ichain\/programmimpressionen\/","og_site_name":"I-Chain-Tracker","article_modified_time":"2020-06-18T13:30:07+00:00","og_image":[{"url":"https:\/\/infct.de\/ichain\/wp-content\/uploads\/2020\/06\/Screenshot_2020-06-10-I-Chain-Tracker.png","type":"","width":"","height":""}],"twitter_card":"summary_large_image","twitter_misc":{"Gesch\u00e4tzte Lesezeit":"1\u00a0Minute"},"schema":{"@context":"https:\/\/schema.org","@graph":[{"@type":"WebPage","@id":"https:\/\/infct.de\/ichain\/programmimpressionen\/","url":"https:\/\/infct.de\/ichain\/programmimpressionen\/","name":"Mit unserer Software senken Sie den Organisationsaufwand f\u00fcr die Mitarbeiter-Teams auf 0 (Null). - I-Chain-Tracker","isPartOf":{"@id":"https:\/\/infct.de\/ichain\/#website"},"primaryImageOfPage":{"@id":"https:\/\/infct.de\/ichain\/programmimpressionen\/#primaryimage"},"image":{"@id":"https:\/\/infct.de\/ichain\/programmimpressionen\/#primaryimage"},"thumbnailUrl":"https:\/\/infct.de\/ichain\/wp-content\/uploads\/2020\/06\/Screenshot_2020-06-10-I-Chain-Tracker.png","datePublished":"2020-06-10T08:06:34+00:00","dateModified":"2020-06-18T13:30:07+00:00","breadcrumb":{"@id":"https:\/\/infct.de\/ichain\/programmimpressionen\/#breadcrumb"},"inLanguage":"de","potentialAction":[{"@type":"ReadAction","target":["https:\/\/infct.de\/ichain\/programmimpressionen\/"]}]},{"@type":"ImageObject","inLanguage":"de","@id":"https:\/\/infct.de\/ichain\/programmimpressionen\/#primaryimage","url":"https:\/\/infct.de\/ichain\/wp-content\/uploads\/2020\/06\/Screenshot_2020-06-10-I-Chain-Tracker.png","contentUrl":"https:\/\/infct.de\/ichain\/wp-content\/uploads\/2020\/06\/Screenshot_2020-06-10-I-Chain-Tracker.png","width":1916,"height":899,"caption":"Demo Startseite"},{"@type":"BreadcrumbList","@id":"https:\/\/infct.de\/ichain\/programmimpressionen\/#breadcrumb","itemListElement":[{"@type":"ListItem","position":1,"name":"Home","item":"https:\/\/infct.de\/ichain\/"},{"@type":"ListItem","position":2,"name":"Mit unserer Software senken Sie den Organisationsaufwand f\u00fcr die Mitarbeiter-Teams auf 0 (Null)."}]},{"@type":"WebSite","@id":"https:\/\/infct.de\/ichain\/#website","url":"https:\/\/infct.de\/ichain\/","name":"I-Chain-Tracker","description":"Infektionskettenverfolgung Quarant\u00e4nemanagement","publisher":{"@id":"https:\/\/infct.de\/ichain\/#organization"},"potentialAction":[{"@type":"SearchAction","target":{"@type":"EntryPoint","urlTemplate":"https:\/\/infct.de\/ichain\/?s={search_term_string}"},"query-input":{"@type":"PropertyValueSpecification","valueRequired":true,"valueName":"search_term_string"}}],"inLanguage":"de"},{"@type":"Organization","@id":"https:\/\/infct.de\/ichain\/#organization","name":"GDD-IT","url":"https:\/\/infct.de\/ichain\/","logo":{"@type":"ImageObject","inLanguage":"de","@id":"https:\/\/infct.de\/ichain\/#\/schema\/logo\/image\/","url":"https:\/\/infct.de\/ichain\/wp-content\/uploads\/2020\/04\/i-chain-logo-quadrat-100x100-1.png","contentUrl":"https:\/\/infct.de\/ichain\/wp-content\/uploads\/2020\/04\/i-chain-logo-quadrat-100x100-1.png","width":100,"height":100,"caption":"GDD-IT"},"image":{"@id":"https:\/\/infct.de\/ichain\/#\/schema\/logo\/image\/"}}]}},"_links":{"self":[{"href":"https:\/\/infct.de\/ichain\/wp-json\/wp\/v2\/pages\/186","targetHints":{"allow":["GET"]}}],"collection":[{"href":"https:\/\/infct.de\/ichain\/wp-json\/wp\/v2\/pages"}],"about":[{"href":"https:\/\/infct.de\/ichain\/wp-json\/wp\/v2\/types\/page"}],"author":[{"embeddable":true,"href":"https:\/\/infct.de\/ichain\/wp-json\/wp\/v2\/users\/1"}],"replies":[{"embeddable":true,"href":"https:\/\/infct.de\/ichain\/wp-json\/wp\/v2\/comments?post=186"}],"version-history":[{"count":10,"href":"https:\/\/infct.de\/ichain\/wp-json\/wp\/v2\/pages\/186\/revisions"}],"predecessor-version":[{"id":204,"href":"https:\/\/infct.de\/ichain\/wp-json\/wp\/v2\/pages\/186\/revisions\/204"}],"wp:attachment":[{"href":"https:\/\/infct.de\/ichain\/wp-json\/wp\/v2\/media?parent=186"}],"curies":[{"name":"wp","href":"https:\/\/api.w.org\/{rel}","templated":true}]}}